{"id":28961,"date":"2023-04-28T02:02:58","date_gmt":"2023-04-28T06:02:58","guid":{"rendered":"https:\/\/studylanguages.club\/?page_id=28961"},"modified":"2024-10-11T11:57:51","modified_gmt":"2024-10-11T15:57:51","slug":"destinations","status":"publish","type":"page","link":"https:\/\/studylanguages.ch\/fr\/destinations\/","title":{"rendered":"Destinations"},"content":{"rendered":"<div data-elementor-type=\"wp-page\" data-elementor-id=\"28961\" class=\"elementor elementor-28961\" data-elementor-post-type=\"page\">\n\t\t\t\t\t\t<section class=\"elementor-section elementor-top-section elementor-element elementor-element-1e002a9b elementor-section-full_width elementor-section-height-default elementor-section-height-default\" data-id=\"1e002a9b\" data-element_type=\"section\" data-settings=\"{&quot;background_background&quot;:&quot;classic&quot;}\">\n\t\t\t\t\t\t\t<div class=\"elementor-background-overlay\"><\/div>\n\t\t\t\t\t\t\t<div class=\"elementor-container elementor-column-gap-no\">\n\t\t\t\t\t<div class=\"elementor-column elementor-col-100 elementor-top-column elementor-element elementor-element-177a7471\" data-id=\"177a7471\" data-element_type=\"column\">\n\t\t\t<div class=\"elementor-widget-wrap elementor-element-populated\">\n\t\t\t\t\t\t<section class=\"elementor-section elementor-inner-section elementor-element elementor-element-16350df8 elementor-section-boxed elementor-section-height-default elementor-section-height-default\" data-id=\"16350df8\" data-element_type=\"section\" data-settings=\"{&quot;background_background&quot;:&quot;classic&quot;}\">\n\t\t\t\t\t\t\t<div class=\"elementor-background-overlay\"><\/div>\n\t\t\t\t\t\t\t<div class=\"elementor-container elementor-column-gap-default\">\n\t\t\t\t\t<div class=\"elementor-column elementor-col-100 elementor-inner-column elementor-element elementor-element-69e5f5da\" data-id=\"69e5f5da\" data-element_type=\"column\">\n\t\t\t<div class=\"elementor-widget-wrap elementor-element-populated\">\n\t\t\t\t\t\t<div class=\"elementor-element elementor-element-440494 elementor-widget elementor-widget-heading\" data-id=\"440494\" data-element_type=\"widget\" data-widget_type=\"heading.default\">\n\t\t\t\t<div class=\"elementor-widget-container\">\n\t\t\t\t\t<h1 class=\"elementor-heading-title elementor-size-default\">Destinations<\/h1>\t\t\t\t<\/div>\n\t\t\t\t<\/div>\n\t\t\t\t<div class=\"elementor-element elementor-element-690810a0 elementor-widget elementor-widget-heading\" data-id=\"690810a0\" data-element_type=\"widget\" data-widget_type=\"heading.default\">\n\t\t\t\t<div class=\"elementor-widget-container\">\n\t\t\t\t\t<h4 class=\"elementor-heading-title elementor-size-default\">Exploration des continents<\/h4>\t\t\t\t<\/div>\n\t\t\t\t<\/div>\n\t\t\t\t\t<\/div>\n\t\t<\/div>\n\t\t\t\t\t<\/div>\n\t\t<\/section>\n\t\t\t\t\t<\/div>\n\t\t<\/div>\n\t\t\t\t\t<\/div>\n\t\t<\/section>\n\t\t\t\t<section class=\"elementor-section elementor-top-section elementor-element elementor-element-1c132080 elementor-section-boxed elementor-section-height-default elementor-section-height-default\" data-id=\"1c132080\" data-element_type=\"section\">\n\t\t\t\t\t\t<div class=\"elementor-container elementor-column-gap-default\">\n\t\t\t\t\t<div class=\"elementor-column elementor-col-100 elementor-top-column elementor-element elementor-element-7927cd86\" data-id=\"7927cd86\" data-element_type=\"column\">\n\t\t\t<div class=\"elementor-widget-wrap elementor-element-populated\">\n\t\t\t\t\t\t<section class=\"elementor-section elementor-inner-section elementor-element elementor-element-58a7e3b7 elementor-section-boxed elementor-section-height-default elementor-section-height-default\" data-id=\"58a7e3b7\" data-element_type=\"section\">\n\t\t\t\t\t\t<div class=\"elementor-container elementor-column-gap-default\">\n\t\t\t\t\t<div class=\"elementor-column elementor-col-100 elementor-inner-column elementor-element elementor-element-2a2b83af elementor-invisible\" data-id=\"2a2b83af\" data-element_type=\"column\" data-settings=\"{&quot;animation&quot;:&quot;fadeInUp&quot;}\">\n\t\t\t<div class=\"elementor-widget-wrap elementor-element-populated\">\n\t\t\t\t\t\t<div class=\"elementor-element elementor-element-28b04d3e elementor-widget elementor-widget-heading\" data-id=\"28b04d3e\" data-element_type=\"widget\" data-widget_type=\"heading.default\">\n\t\t\t\t<div class=\"elementor-widget-container\">\n\t\t\t\t\t<h2 class=\"elementor-heading-title elementor-size-default\">Explore le monde : Destinations populaires de Study Languages\n<\/h2>\t\t\t\t<\/div>\n\t\t\t\t<\/div>\n\t\t\t\t<div class=\"elementor-element elementor-element-5cc624e5 elementor-widget elementor-widget-text-editor\" data-id=\"5cc624e5\" data-element_type=\"widget\" data-widget_type=\"text-editor.default\">\n\t\t\t\t<div class=\"elementor-widget-container\">\n\t\t\t\t\t\t\t\t\t<p>Tu souhaites d\u00e9couvrir de nouveaux pays et de nouvelles cultures tout en am\u00e9liorant tes comp\u00e9tences linguistiques ? Ne cherche pas plus loin que Study Languages ! Nous proposons un large \u00e9ventail de programmes de destinations populaires qui te permettent de t'immerger dans de nouvelles cultures et de nouvelles langues tout en b\u00e9n\u00e9ficiant d'un soutien et d'un retour d'information personnalis\u00e9s de la part de nos professeurs de langue exp\u00e9riment\u00e9s et de nos experts culturels. Que tu souhaites apprendre l'anglais au Royaume-Uni, l'allemand en Allemagne ou m\u00eame le cor\u00e9en en Cor\u00e9e, nous avons un programme qui r\u00e9pond \u00e0 tes besoins. Nos programmes sont con\u00e7us pour t'offrir une exp\u00e9rience d'apprentissage linguistique compl\u00e8te, comprenant des activit\u00e9s culturelles, des excursions et des s\u00e9jours chez l'habitant. Alors, rejoigne-nous pour un voyage linguistique et culturel inoubliable, et explore le monde avec Study Languages.<\/p>\t\t\t\t\t\t\t\t<\/div>\n\t\t\t\t<\/div>\n\t\t\t\t\t<\/div>\n\t\t<\/div>\n\t\t\t\t\t<\/div>\n\t\t<\/section>\n\t\t\t\t<section class=\"elementor-section elementor-inner-section elementor-element elementor-element-22fb7e70 elementor-section-boxed elementor-section-height-default elementor-section-height-default elementor-invisible\" data-id=\"22fb7e70\" data-element_type=\"section\" data-settings=\"{&quot;animation&quot;:&quot;fadeIn&quot;,&quot;animation_delay&quot;:200}\">\n\t\t\t\t\t\t<div class=\"elementor-container elementor-column-gap-default\">\n\t\t\t\t\t<div class=\"elementor-column elementor-col-50 elementor-inner-column elementor-element elementor-element-6a911a4a\" data-id=\"6a911a4a\" data-element_type=\"column\">\n\t\t\t<div class=\"elementor-widget-wrap elementor-element-populated\">\n\t\t\t\t\t\t<div class=\"elementor-element elementor-element-417ee811 elementor-cta--valign-bottom elementor-bg-transform elementor-bg-transform-zoom-out elementor-cta--skin-classic elementor-widget elementor-widget-call-to-action\" data-id=\"417ee811\" data-element_type=\"widget\" data-widget_type=\"call-to-action.default\">\n\t\t\t\t<div class=\"elementor-widget-container\">\n\t\t\t\t\t\t\t<a class=\"elementor-cta\" href=\"https:\/\/studylanguages.ch\/fr\/categorie\/destination\/italie\/\">\n\t\t\t\t\t<div class=\"elementor-cta__bg-wrapper\">\n\t\t\t\t<div class=\"elementor-cta__bg elementor-bg\" style=\"background-image: url(https:\/\/studylanguages.ch\/wp-content\/uploads\/2024\/09\/Florence.jpeg);\" role=\"img\" aria-label=\"Florence\"><\/div>\n\t\t\t\t<div class=\"elementor-cta__bg-overlay\"><\/div>\n\t\t\t<\/div>\n\t\t\t\t\t\t\t<div class=\"elementor-cta__content\">\n\t\t\t\t\n\t\t\t\t\t\t\t\t\t<h3 class=\"elementor-cta__title elementor-cta__content-item elementor-content-item\">\n\t\t\t\t\t\tItalie\t\t\t\t\t<\/h3>\n\t\t\t\t\n\t\t\t\t\t\t\t\t\t<div class=\"elementor-cta__description elementor-cta__content-item elementor-content-item\">\n\t\t\t\t\t\tCiao ! Apprenez l'italien au milieu de tr\u00e9sors artistiques de la Renaissance et profitez de la riche culture italienne, de sa d\u00e9licieuse cuisine et de son espresso mondialement connu.\t\t\t\t\t<\/div>\n\t\t\t\t\n\t\t\t\t\t\t\t\t\t<div class=\"elementor-cta__button-wrapper elementor-cta__content-item elementor-content-item\">\n\t\t\t\t\t<span class=\"elementor-cta__button elementor-button elementor-size-\">\n\t\t\t\t\t\tR\u00e9server\t\t\t\t\t<\/span>\n\t\t\t\t\t<\/div>\n\t\t\t\t\t\t\t<\/div>\n\t\t\t\t\t\t<\/a>\n\t\t\t\t\t\t<\/div>\n\t\t\t\t<\/div>\n\t\t\t\t\t<\/div>\n\t\t<\/div>\n\t\t\t\t<div class=\"elementor-column elementor-col-50 elementor-inner-column elementor-element elementor-element-6faf2539\" data-id=\"6faf2539\" data-element_type=\"column\">\n\t\t\t<div class=\"elementor-widget-wrap elementor-element-populated\">\n\t\t\t\t\t\t<div class=\"elementor-element elementor-element-383dcd03 elementor-cta--valign-bottom elementor-bg-transform elementor-bg-transform-zoom-out elementor-cta--skin-classic elementor-widget elementor-widget-call-to-action\" data-id=\"383dcd03\" data-element_type=\"widget\" data-widget_type=\"call-to-action.default\">\n\t\t\t\t<div class=\"elementor-widget-container\">\n\t\t\t\t\t\t\t<a class=\"elementor-cta\" href=\"https:\/\/studylanguages.ch\/fr\/categorie\/destination\/colombie\/\">\n\t\t\t\t\t<div class=\"elementor-cta__bg-wrapper\">\n\t\t\t\t<div class=\"elementor-cta__bg elementor-bg\" style=\"background-image: url(https:\/\/studylanguages.ch\/wp-content\/uploads\/2023\/08\/colorful-house-guatape-colombia-2022-03-09-17-07-53-utc-scaled.jpg);\" role=\"img\" aria-label=\"Maison color\u00e9e - Guatape, Colombie\"><\/div>\n\t\t\t\t<div class=\"elementor-cta__bg-overlay\"><\/div>\n\t\t\t<\/div>\n\t\t\t\t\t\t\t<div class=\"elementor-cta__content\">\n\t\t\t\t\n\t\t\t\t\t\t\t\t\t<h3 class=\"elementor-cta__title elementor-cta__content-item elementor-content-item\">\n\t\t\t\t\t\tColombie\t\t\t\t\t<\/h3>\n\t\t\t\t\n\t\t\t\t\t\t\t\t\t<div class=\"elementor-cta__description elementor-cta__content-item elementor-content-item\">\n\t\t\t\t\t\tApprenez l'espagnol au c\u0153ur de la Colombie ! Plongez dans une culture vibrante, dansez au rythme de la salsa et explorez des paysages \u00e9poustouflants.\t\t\t\t\t<\/div>\n\t\t\t\t\n\t\t\t\t\t\t\t\t\t<div class=\"elementor-cta__button-wrapper elementor-cta__content-item elementor-content-item\">\n\t\t\t\t\t<span class=\"elementor-cta__button elementor-button elementor-size-\">\n\t\t\t\t\t\tR\u00e9server\t\t\t\t\t<\/span>\n\t\t\t\t\t<\/div>\n\t\t\t\t\t\t\t<\/div>\n\t\t\t\t\t\t<\/a>\n\t\t\t\t\t\t<\/div>\n\t\t\t\t<\/div>\n\t\t\t\t\t<\/div>\n\t\t<\/div>\n\t\t\t\t\t<\/div>\n\t\t<\/section>\n\t\t\t\t<section class=\"elementor-section elementor-inner-section elementor-element elementor-element-db8c57c elementor-section-boxed elementor-section-height-default elementor-section-height-default elementor-invisible\" data-id=\"db8c57c\" data-element_type=\"section\" data-settings=\"{&quot;animation&quot;:&quot;fadeIn&quot;,&quot;animation_delay&quot;:200}\">\n\t\t\t\t\t\t<div class=\"elementor-container elementor-column-gap-default\">\n\t\t\t\t\t<div class=\"elementor-column elementor-col-50 elementor-inner-column elementor-element elementor-element-dd37b74\" data-id=\"dd37b74\" data-element_type=\"column\">\n\t\t\t<div class=\"elementor-widget-wrap elementor-element-populated\">\n\t\t\t\t\t\t<div class=\"elementor-element elementor-element-dacbc9b elementor-cta--valign-bottom elementor-bg-transform elementor-bg-transform-zoom-out elementor-cta--skin-classic elementor-widget elementor-widget-call-to-action\" data-id=\"dacbc9b\" data-element_type=\"widget\" data-widget_type=\"call-to-action.default\">\n\t\t\t\t<div class=\"elementor-widget-container\">\n\t\t\t\t\t\t\t<a class=\"elementor-cta\" href=\"https:\/\/studylanguages.ch\/fr\/categorie\/destination\/uk\/\">\n\t\t\t\t\t<div class=\"elementor-cta__bg-wrapper\">\n\t\t\t\t<div class=\"elementor-cta__bg elementor-bg\" style=\"background-image: url(https:\/\/studylanguages.ch\/wp-content\/uploads\/2023\/07\/westminster-abbey-and-big-ben-in-the-london-skylin-2021-10-26-08-17-46-utc-scaled.jpg);\" role=\"img\" aria-label=\"westminster-abbey-and-big-ben-in-the-london-skylin-2021-10-26-08-17-46-utc\"><\/div>\n\t\t\t\t<div class=\"elementor-cta__bg-overlay\"><\/div>\n\t\t\t<\/div>\n\t\t\t\t\t\t\t<div class=\"elementor-cta__content\">\n\t\t\t\t\n\t\t\t\t\t\t\t\t\t<h3 class=\"elementor-cta__title elementor-cta__content-item elementor-content-item\">\n\t\t\t\t\t\tRoyaume-Uni\t\t\t\t\t<\/h3>\n\t\t\t\t\n\t\t\t\t\t\t\t\t\t<div class=\"elementor-cta__description elementor-cta__content-item elementor-content-item\">\n\t\t\t\t\t\tRejoignez-nous pour un d\u00e9licieux Tea Time et une exp\u00e9rience d'apprentissage de l'anglais !  Faisons en sorte que l'apprentissage de l'anglais soit aussi agr\u00e9able que votre boisson pr\u00e9f\u00e9r\u00e9e.\t\t\t\t\t<\/div>\n\t\t\t\t\n\t\t\t\t\t\t\t\t\t<div class=\"elementor-cta__button-wrapper elementor-cta__content-item elementor-content-item\">\n\t\t\t\t\t<span class=\"elementor-cta__button elementor-button elementor-size-\">\n\t\t\t\t\t\tR\u00e9server\t\t\t\t\t<\/span>\n\t\t\t\t\t<\/div>\n\t\t\t\t\t\t\t<\/div>\n\t\t\t\t\t\t<\/a>\n\t\t\t\t\t\t<\/div>\n\t\t\t\t<\/div>\n\t\t\t\t\t<\/div>\n\t\t<\/div>\n\t\t\t\t<div class=\"elementor-column elementor-col-50 elementor-inner-column elementor-element elementor-element-936fa59\" data-id=\"936fa59\" data-element_type=\"column\">\n\t\t\t<div class=\"elementor-widget-wrap elementor-element-populated\">\n\t\t\t\t\t\t<div class=\"elementor-element elementor-element-9ea4a87 elementor-cta--valign-bottom elementor-bg-transform elementor-bg-transform-zoom-out elementor-cta--skin-classic elementor-widget elementor-widget-call-to-action\" data-id=\"9ea4a87\" data-element_type=\"widget\" data-widget_type=\"call-to-action.default\">\n\t\t\t\t<div class=\"elementor-widget-container\">\n\t\t\t\t\t\t\t<a class=\"elementor-cta\" href=\"https:\/\/studylanguages.ch\/fr\/categorie\/destination\/allemagne\/\">\n\t\t\t\t\t<div class=\"elementor-cta__bg-wrapper\">\n\t\t\t\t<div class=\"elementor-cta__bg elementor-bg\" style=\"background-image: url(https:\/\/studylanguages.ch\/wp-content\/uploads\/2023\/08\/dresden-city-in-germany-2022-04-06-07-22-48-utc-scaled.jpg);\" role=\"img\" aria-label=\"Gros plan sur la tour Hausmannsturm du vieux ch\u00e2teau de Dresde, Allemagne\"><\/div>\n\t\t\t\t<div class=\"elementor-cta__bg-overlay\"><\/div>\n\t\t\t<\/div>\n\t\t\t\t\t\t\t<div class=\"elementor-cta__content\">\n\t\t\t\t\n\t\t\t\t\t\t\t\t\t<h3 class=\"elementor-cta__title elementor-cta__content-item elementor-content-item\">\n\t\t\t\t\t\tAllemagne\t\t\t\t\t<\/h3>\n\t\t\t\t\n\t\t\t\t\t\t\t\t\t<div class=\"elementor-cta__description elementor-cta__content-item elementor-content-item\">\n\t\t\t\t\t\tEmbrassez le c\u0153ur de l'Europe ! Plongez dans une exp\u00e9rience culturelle riche et apprenez l'allemand l\u00e0 o\u00f9 l'histoire, l'innovation et la tradition se rencontrent !\t\t\t\t\t<\/div>\n\t\t\t\t\n\t\t\t\t\t\t\t\t\t<div class=\"elementor-cta__button-wrapper elementor-cta__content-item elementor-content-item\">\n\t\t\t\t\t<span class=\"elementor-cta__button elementor-button elementor-size-\">\n\t\t\t\t\t\tR\u00e9server\t\t\t\t\t<\/span>\n\t\t\t\t\t<\/div>\n\t\t\t\t\t\t\t<\/div>\n\t\t\t\t\t\t<\/a>\n\t\t\t\t\t\t<\/div>\n\t\t\t\t<\/div>\n\t\t\t\t\t<\/div>\n\t\t<\/div>\n\t\t\t\t\t<\/div>\n\t\t<\/section>\n\t\t\t\t\t<\/div>\n\t\t<\/div>\n\t\t\t\t\t<\/div>\n\t\t<\/section>\n\t\t\t\t<section class=\"elementor-section elementor-top-section elementor-element elementor-element-6f683be elementor-section-boxed elementor-section-height-default elementor-section-height-default\" data-id=\"6f683be\" data-element_type=\"section\" data-settings=\"{&quot;background_background&quot;:&quot;classic&quot;}\">\n\t\t\t\t\t\t\t<div class=\"elementor-background-overlay\"><\/div>\n\t\t\t\t\t\t\t<div class=\"elementor-container elementor-column-gap-default\">\n\t\t\t\t\t<div class=\"elementor-column elementor-col-100 elementor-top-column elementor-element elementor-element-2294794 elementor-invisible\" data-id=\"2294794\" data-element_type=\"column\" data-settings=\"{&quot;animation&quot;:&quot;fadeInUp&quot;}\">\n\t\t\t<div class=\"elementor-widget-wrap elementor-element-populated\">\n\t\t\t\t\t\t<div class=\"elementor-element elementor-element-1efb3ea elementor-widget elementor-widget-heading\" data-id=\"1efb3ea\" data-element_type=\"widget\" data-widget_type=\"heading.default\">\n\t\t\t\t<div class=\"elementor-widget-container\">\n\t\t\t\t\t<h6 class=\"elementor-heading-title elementor-size-default\">Promo<\/h6>\t\t\t\t<\/div>\n\t\t\t\t<\/div>\n\t\t\t\t<div class=\"elementor-element elementor-element-9bbd7ba elementor-widget elementor-widget-heading\" data-id=\"9bbd7ba\" data-element_type=\"widget\" data-widget_type=\"heading.default\">\n\t\t\t\t<div class=\"elementor-widget-container\">\n\t\t\t\t\t<h2 class=\"elementor-heading-title elementor-size-default\">Recevez un bon d'achat de 100 CHF !\n<\/h2>\t\t\t\t<\/div>\n\t\t\t\t<\/div>\n\t\t\t\t<div class=\"elementor-element elementor-element-dc2599b elementor-widget elementor-widget-text-editor\" data-id=\"dc2599b\" data-element_type=\"widget\" data-widget_type=\"text-editor.default\">\n\t\t\t\t<div class=\"elementor-widget-container\">\n\t\t\t\t\t\t\t\t\t<p>\u00cates-vous impatient de commencer votre voyage d'apprentissage des langues ? C'est le moment id\u00e9al pour rejoindre Study Languages, car nous offrons un bon \u00e9changeable de 100 CHF pour un futur voyage d'apprentissage linguistique avec nous, simplement en vous inscrivant \u00e0 l'un de nos programmes. Gr\u00e2ce \u00e0 notre vaste s\u00e9lection de cours de langues et \u00e0 notre soutien personnalis\u00e9, vous serez en mesure d'atteindre vos objectifs linguistiques en un rien de temps. Nos programmes sont con\u00e7us pour r\u00e9pondre \u00e0 vos besoins et pr\u00e9f\u00e9rences individuels, vous garantissant ainsi la meilleure exp\u00e9rience d'apprentissage possible. Ne manquez pas cette fantastique opportunit\u00e9 de vous lancer dans l'apprentissage d'une langue avec Study Languages. Inscrivez-vous d\u00e8s maintenant pour profiter de cette offre exclusive !<\/p>\t\t\t\t\t\t\t\t<\/div>\n\t\t\t\t<\/div>\n\t\t\t\t<div class=\"elementor-element elementor-element-6256d24 elementor-align-center elementor-widget elementor-widget-button\" data-id=\"6256d24\" data-element_type=\"widget\" data-widget_type=\"button.default\">\n\t\t\t\t<div class=\"elementor-widget-container\">\n\t\t\t\t\t\t\t\t\t<div class=\"elementor-button-wrapper\">\n\t\t\t\t\t<a class=\"elementor-button elementor-button-link elementor-size-md\" href=\"https:\/\/studylanguages.club\/contact-us\/\">\n\t\t\t\t\t\t<span class=\"elementor-button-content-wrapper\">\n\t\t\t\t\t\t\t\t\t<span class=\"elementor-button-text\">Promotion de la r\u00e9clamation<\/span>\n\t\t\t\t\t<\/span>\n\t\t\t\t\t<\/a>\n\t\t\t\t<\/div>\n\t\t\t\t\t\t\t\t<\/div>\n\t\t\t\t<\/div>\n\t\t\t\t\t<\/div>\n\t\t<\/div>\n\t\t\t\t\t<\/div>\n\t\t<\/section>\n\t\t\t\t<\/div>","protected":false},"excerpt":{"rendered":"<p>Exploration des continents Explorez le monde : Destinations populaires de Study Languages Cherchez-vous \u00e0 explorer de nouveaux pays et de nouvelles cultures tout en am\u00e9liorant vos comp\u00e9tences linguistiques ? Ne cherchez pas plus loin que Study Languages ! Nous proposons un large \u00e9ventail de programmes de destinations populaires qui vous permettent de vous immerger dans de nouvelles cultures et de nouvelles langues tout en b\u00e9n\u00e9ficiant d'un soutien et d'un retour d'information personnalis\u00e9s [...]<\/p>","protected":false},"author":1,"featured_media":0,"parent":0,"menu_order":0,"comment_status":"closed","ping_status":"closed","template":"elementor_header_footer","meta":{"_acf_changed":false,"site-sidebar-layout":"no-sidebar","site-content-layout":"page-builder","ast-site-content-layout":"","site-content-style":"default","site-sidebar-style":"default","ast-global-header-display":"","ast-banner-title-visibility":"","ast-main-header-display":"","ast-hfb-above-header-display":"","ast-hfb-below-header-display":"","ast-hfb-mobile-header-display":"","site-post-title":"disabled","ast-breadcrumbs-content":"","ast-featured-img":"disabled","footer-sml-layout":"","theme-transparent-header-meta":"","adv-header-id-meta":"","stick-header-meta":"","header-above-stick-meta":"","header-main-stick-meta":"","header-below-stick-meta":"","astra-migrate-meta-layouts":"default","ast-page-background-enabled":"default","ast-page-background-meta":{"desktop":{"background-color":"var(--ast-global-color-4)","background-image":"","background-repeat":"repeat","background-position":"center center","background-size":"auto","background-attachment":"scroll","background-type":"","background-media":"","overlay-type":"","overlay-color":"","overlay-opacity":"","overlay-gradient":""},"tablet":{"background-color":"","background-image":"","background-repeat":"repeat","background-position":"center center","background-size":"auto","background-attachment":"scroll","background-type":"","background-media":"","overlay-type":"","overlay-color":"","overlay-opacity":"","overlay-gradient":""},"mobile":{"background-color":"","background-image":"","background-repeat":"repeat","background-position":"center center","background-size":"auto","background-attachment":"scroll","background-type":"","background-media":"","overlay-type":"","overlay-color":"","overlay-opacity":"","overlay-gradient":""}},"ast-content-background-meta":{"desktop":{"background-color":"var(--ast-global-color-5)","background-image":"","background-repeat":"repeat","background-position":"center center","background-size":"auto","background-attachment":"scroll","background-type":"","background-media":"","overlay-type":"","overlay-color":"","overlay-opacity":"","overlay-gradient":""},"tablet":{"background-color":"var(--ast-global-color-5)","background-image":"","background-repeat":"repeat","background-position":"center center","background-size":"auto","background-attachment":"scroll","background-type":"","background-media":"","overlay-type":"","overlay-color":"","overlay-opacity":"","overlay-gradient":""},"mobile":{"background-color":"var(--ast-global-color-5)","background-image":"","background-repeat":"repeat","background-position":"center center","background-size":"auto","background-attachment":"scroll","background-type":"","background-media":"","overlay-type":"","overlay-color":"","overlay-opacity":"","overlay-gradient":""}},"_joinchat":[],"footnotes":""},"class_list":["post-28961","page","type-page","status-publish","hentry"],"acf":[],"_links":{"self":[{"href":"https:\/\/studylanguages.ch\/fr\/wp-json\/wp\/v2\/pages\/28961","targetHints":{"allow":["GET"]}}],"collection":[{"href":"https:\/\/studylanguages.ch\/fr\/wp-json\/wp\/v2\/pages"}],"about":[{"href":"https:\/\/studylanguages.ch\/fr\/wp-json\/wp\/v2\/types\/page"}],"author":[{"embeddable":true,"href":"https:\/\/studylanguages.ch\/fr\/wp-json\/wp\/v2\/users\/1"}],"replies":[{"embeddable":true,"href":"https:\/\/studylanguages.ch\/fr\/wp-json\/wp\/v2\/comments?post=28961"}],"version-history":[{"count":64,"href":"https:\/\/studylanguages.ch\/fr\/wp-json\/wp\/v2\/pages\/28961\/revisions"}],"predecessor-version":[{"id":29650,"href":"https:\/\/studylanguages.ch\/fr\/wp-json\/wp\/v2\/pages\/28961\/revisions\/29650"}],"wp:attachment":[{"href":"https:\/\/studylanguages.ch\/fr\/wp-json\/wp\/v2\/media?parent=28961"}],"curies":[{"name":"wp","href":"https:\/\/api.w.org\/{rel}","templated":true}]}}