{"id":28961,"date":"2023-04-28T02:02:58","date_gmt":"2023-04-28T06:02:58","guid":{"rendered":"https:\/\/studylanguages.club\/?page_id=28961"},"modified":"2024-10-11T11:57:51","modified_gmt":"2024-10-11T15:57:51","slug":"destinations","status":"publish","type":"page","link":"https:\/\/studylanguages.ch\/de\/reiseziele\/","title":{"rendered":"Reiseziele"},"content":{"rendered":"<div data-elementor-type=\"wp-page\" data-elementor-id=\"28961\" class=\"elementor elementor-28961\" data-elementor-post-type=\"page\">\n\t\t\t\t\t\t<section class=\"elementor-section elementor-top-section elementor-element elementor-element-1e002a9b elementor-section-full_width elementor-section-height-default elementor-section-height-default\" data-id=\"1e002a9b\" data-element_type=\"section\" data-settings=\"{&quot;background_background&quot;:&quot;classic&quot;}\">\n\t\t\t\t\t\t\t<div class=\"elementor-background-overlay\"><\/div>\n\t\t\t\t\t\t\t<div class=\"elementor-container elementor-column-gap-no\">\n\t\t\t\t\t<div class=\"elementor-column elementor-col-100 elementor-top-column elementor-element elementor-element-177a7471\" data-id=\"177a7471\" data-element_type=\"column\">\n\t\t\t<div class=\"elementor-widget-wrap elementor-element-populated\">\n\t\t\t\t\t\t<section class=\"elementor-section elementor-inner-section elementor-element elementor-element-16350df8 elementor-section-boxed elementor-section-height-default elementor-section-height-default\" data-id=\"16350df8\" data-element_type=\"section\" data-settings=\"{&quot;background_background&quot;:&quot;classic&quot;}\">\n\t\t\t\t\t\t\t<div class=\"elementor-background-overlay\"><\/div>\n\t\t\t\t\t\t\t<div class=\"elementor-container elementor-column-gap-default\">\n\t\t\t\t\t<div class=\"elementor-column elementor-col-100 elementor-inner-column elementor-element elementor-element-69e5f5da\" data-id=\"69e5f5da\" data-element_type=\"column\">\n\t\t\t<div class=\"elementor-widget-wrap elementor-element-populated\">\n\t\t\t\t\t\t<div class=\"elementor-element elementor-element-440494 elementor-widget elementor-widget-heading\" data-id=\"440494\" data-element_type=\"widget\" data-widget_type=\"heading.default\">\n\t\t\t\t<div class=\"elementor-widget-container\">\n\t\t\t\t\t<h1 class=\"elementor-heading-title elementor-size-default\">Reiseziele<\/h1>\t\t\t\t<\/div>\n\t\t\t\t<\/div>\n\t\t\t\t<div class=\"elementor-element elementor-element-690810a0 elementor-widget elementor-widget-heading\" data-id=\"690810a0\" data-element_type=\"widget\" data-widget_type=\"heading.default\">\n\t\t\t\t<div class=\"elementor-widget-container\">\n\t\t\t\t\t<h4 class=\"elementor-heading-title elementor-size-default\">Erforschung der Kontinente<\/h4>\t\t\t\t<\/div>\n\t\t\t\t<\/div>\n\t\t\t\t\t<\/div>\n\t\t<\/div>\n\t\t\t\t\t<\/div>\n\t\t<\/section>\n\t\t\t\t\t<\/div>\n\t\t<\/div>\n\t\t\t\t\t<\/div>\n\t\t<\/section>\n\t\t\t\t<section class=\"elementor-section elementor-top-section elementor-element elementor-element-1c132080 elementor-section-boxed elementor-section-height-default elementor-section-height-default\" data-id=\"1c132080\" data-element_type=\"section\">\n\t\t\t\t\t\t<div class=\"elementor-container elementor-column-gap-default\">\n\t\t\t\t\t<div class=\"elementor-column elementor-col-100 elementor-top-column elementor-element elementor-element-7927cd86\" data-id=\"7927cd86\" data-element_type=\"column\">\n\t\t\t<div class=\"elementor-widget-wrap elementor-element-populated\">\n\t\t\t\t\t\t<section class=\"elementor-section elementor-inner-section elementor-element elementor-element-58a7e3b7 elementor-section-boxed elementor-section-height-default elementor-section-height-default\" data-id=\"58a7e3b7\" data-element_type=\"section\">\n\t\t\t\t\t\t<div class=\"elementor-container elementor-column-gap-default\">\n\t\t\t\t\t<div class=\"elementor-column elementor-col-100 elementor-inner-column elementor-element elementor-element-2a2b83af elementor-invisible\" data-id=\"2a2b83af\" data-element_type=\"column\" data-settings=\"{&quot;animation&quot;:&quot;fadeInUp&quot;}\">\n\t\t\t<div class=\"elementor-widget-wrap elementor-element-populated\">\n\t\t\t\t\t\t<div class=\"elementor-element elementor-element-28b04d3e elementor-widget elementor-widget-heading\" data-id=\"28b04d3e\" data-element_type=\"widget\" data-widget_type=\"heading.default\">\n\t\t\t\t<div class=\"elementor-widget-container\">\n\t\t\t\t\t<h2 class=\"elementor-heading-title elementor-size-default\">Entdecken Sie die Welt: Beliebte Reiseziele f\u00fcr Studiensprachen\n<\/h2>\t\t\t\t<\/div>\n\t\t\t\t<\/div>\n\t\t\t\t<div class=\"elementor-element elementor-element-5cc624e5 elementor-widget elementor-widget-text-editor\" data-id=\"5cc624e5\" data-element_type=\"widget\" data-widget_type=\"text-editor.default\">\n\t\t\t\t<div class=\"elementor-widget-container\">\n\t\t\t\t\t\t\t\t\t<p>M\u00f6chten Sie neue L\u00e4nder und Kulturen entdecken und gleichzeitig Ihre Sprachkenntnisse verbessern? Dann sind Sie bei Study Languages an der richtigen Adresse! Wir bieten eine gro\u00dfe Auswahl an beliebten Programmen an, die es Ihnen erm\u00f6glichen, in neue Kulturen und Sprachen einzutauchen, w\u00e4hrend Sie pers\u00f6nliche Unterst\u00fctzung und Feedback von unseren erfahrenen Sprachlehrern und Kulturexperten erhalten. Ob Sie nun Englisch in Gro\u00dfbritannien, Deutsch in Deutschland oder sogar Koreanisch in Korea lernen m\u00f6chten, wir haben ein Programm, das Ihren Bed\u00fcrfnissen entspricht. Unsere Programme sind so konzipiert, dass sie Ihnen ein umfassendes Spracherlebnis bieten, einschlie\u00dflich kultureller Aktivit\u00e4ten, Exkursionen und Gastfamilienaufenthalten vor Ort. Begeben Sie sich mit uns auf eine unvergessliche Reise durch Sprache und Kultur und entdecken Sie die Welt mit Study Languages.<\/p>\t\t\t\t\t\t\t\t<\/div>\n\t\t\t\t<\/div>\n\t\t\t\t\t<\/div>\n\t\t<\/div>\n\t\t\t\t\t<\/div>\n\t\t<\/section>\n\t\t\t\t<section class=\"elementor-section elementor-inner-section elementor-element elementor-element-22fb7e70 elementor-section-boxed elementor-section-height-default elementor-section-height-default elementor-invisible\" data-id=\"22fb7e70\" data-element_type=\"section\" data-settings=\"{&quot;animation&quot;:&quot;fadeIn&quot;,&quot;animation_delay&quot;:200}\">\n\t\t\t\t\t\t<div class=\"elementor-container elementor-column-gap-default\">\n\t\t\t\t\t<div class=\"elementor-column elementor-col-50 elementor-inner-column elementor-element elementor-element-6a911a4a\" data-id=\"6a911a4a\" data-element_type=\"column\">\n\t\t\t<div class=\"elementor-widget-wrap elementor-element-populated\">\n\t\t\t\t\t\t<div class=\"elementor-element elementor-element-417ee811 elementor-cta--valign-bottom elementor-bg-transform elementor-bg-transform-zoom-out elementor-cta--skin-classic elementor-widget elementor-widget-call-to-action\" data-id=\"417ee811\" data-element_type=\"widget\" data-widget_type=\"call-to-action.default\">\n\t\t\t\t<div class=\"elementor-widget-container\">\n\t\t\t\t\t\t\t<a class=\"elementor-cta\" href=\"https:\/\/studylanguages.ch\/de\/kategorie\/zielort\/italien\/\">\n\t\t\t\t\t<div class=\"elementor-cta__bg-wrapper\">\n\t\t\t\t<div class=\"elementor-cta__bg elementor-bg\" style=\"background-image: url(https:\/\/studylanguages.ch\/wp-content\/uploads\/2024\/09\/Florence.jpeg);\" role=\"img\" aria-label=\"Florenz\"><\/div>\n\t\t\t\t<div class=\"elementor-cta__bg-overlay\"><\/div>\n\t\t\t<\/div>\n\t\t\t\t\t\t\t<div class=\"elementor-cta__content\">\n\t\t\t\t\n\t\t\t\t\t\t\t\t\t<h3 class=\"elementor-cta__title elementor-cta__content-item elementor-content-item\">\n\t\t\t\t\t\tItalien\t\t\t\t\t<\/h3>\n\t\t\t\t\n\t\t\t\t\t\t\t\t\t<div class=\"elementor-cta__description elementor-cta__content-item elementor-content-item\">\n\t\t\t\t\t\tCiao! Lernen Sie Italienisch inmitten einer F\u00fclle von Kunstsch\u00e4tzen der Renaissance und genie\u00dfen Sie die reiche Kultur Italiens, die k\u00f6stliche K\u00fcche und den weltber\u00fchmten Espresso.\t\t\t\t\t<\/div>\n\t\t\t\t\n\t\t\t\t\t\t\t\t\t<div class=\"elementor-cta__button-wrapper elementor-cta__content-item elementor-content-item\">\n\t\t\t\t\t<span class=\"elementor-cta__button elementor-button elementor-size-\">\n\t\t\t\t\t\tJetzt buchen\t\t\t\t\t<\/span>\n\t\t\t\t\t<\/div>\n\t\t\t\t\t\t\t<\/div>\n\t\t\t\t\t\t<\/a>\n\t\t\t\t\t\t<\/div>\n\t\t\t\t<\/div>\n\t\t\t\t\t<\/div>\n\t\t<\/div>\n\t\t\t\t<div class=\"elementor-column elementor-col-50 elementor-inner-column elementor-element elementor-element-6faf2539\" data-id=\"6faf2539\" data-element_type=\"column\">\n\t\t\t<div class=\"elementor-widget-wrap elementor-element-populated\">\n\t\t\t\t\t\t<div class=\"elementor-element elementor-element-383dcd03 elementor-cta--valign-bottom elementor-bg-transform elementor-bg-transform-zoom-out elementor-cta--skin-classic elementor-widget elementor-widget-call-to-action\" data-id=\"383dcd03\" data-element_type=\"widget\" data-widget_type=\"call-to-action.default\">\n\t\t\t\t<div class=\"elementor-widget-container\">\n\t\t\t\t\t\t\t<a class=\"elementor-cta\" href=\"https:\/\/studylanguages.ch\/de\/kategorie\/zielort\/kolumbien\/\">\n\t\t\t\t\t<div class=\"elementor-cta__bg-wrapper\">\n\t\t\t\t<div class=\"elementor-cta__bg elementor-bg\" style=\"background-image: url(https:\/\/studylanguages.ch\/wp-content\/uploads\/2023\/08\/colorful-house-guatape-colombia-2022-03-09-17-07-53-utc-scaled.jpg);\" role=\"img\" aria-label=\"Buntes Haus - Guatape, Kolumbien\"><\/div>\n\t\t\t\t<div class=\"elementor-cta__bg-overlay\"><\/div>\n\t\t\t<\/div>\n\t\t\t\t\t\t\t<div class=\"elementor-cta__content\">\n\t\t\t\t\n\t\t\t\t\t\t\t\t\t<h3 class=\"elementor-cta__title elementor-cta__content-item elementor-content-item\">\n\t\t\t\t\t\tKolumbien\t\t\t\t\t<\/h3>\n\t\t\t\t\n\t\t\t\t\t\t\t\t\t<div class=\"elementor-cta__description elementor-cta__content-item elementor-content-item\">\n\t\t\t\t\t\tLernen Sie Spanisch im Herzen von Kolumbien! Tauchen Sie ein in die lebendige Kultur, tanzen Sie zum Rhythmus des Salsa und erkunden Sie atemberaubende Landschaften.\t\t\t\t\t<\/div>\n\t\t\t\t\n\t\t\t\t\t\t\t\t\t<div class=\"elementor-cta__button-wrapper elementor-cta__content-item elementor-content-item\">\n\t\t\t\t\t<span class=\"elementor-cta__button elementor-button elementor-size-\">\n\t\t\t\t\t\tJetzt buchen\t\t\t\t\t<\/span>\n\t\t\t\t\t<\/div>\n\t\t\t\t\t\t\t<\/div>\n\t\t\t\t\t\t<\/a>\n\t\t\t\t\t\t<\/div>\n\t\t\t\t<\/div>\n\t\t\t\t\t<\/div>\n\t\t<\/div>\n\t\t\t\t\t<\/div>\n\t\t<\/section>\n\t\t\t\t<section class=\"elementor-section elementor-inner-section elementor-element elementor-element-db8c57c elementor-section-boxed elementor-section-height-default elementor-section-height-default elementor-invisible\" data-id=\"db8c57c\" data-element_type=\"section\" data-settings=\"{&quot;animation&quot;:&quot;fadeIn&quot;,&quot;animation_delay&quot;:200}\">\n\t\t\t\t\t\t<div class=\"elementor-container elementor-column-gap-default\">\n\t\t\t\t\t<div class=\"elementor-column elementor-col-50 elementor-inner-column elementor-element elementor-element-dd37b74\" data-id=\"dd37b74\" data-element_type=\"column\">\n\t\t\t<div class=\"elementor-widget-wrap elementor-element-populated\">\n\t\t\t\t\t\t<div class=\"elementor-element elementor-element-dacbc9b elementor-cta--valign-bottom elementor-bg-transform elementor-bg-transform-zoom-out elementor-cta--skin-classic elementor-widget elementor-widget-call-to-action\" data-id=\"dacbc9b\" data-element_type=\"widget\" data-widget_type=\"call-to-action.default\">\n\t\t\t\t<div class=\"elementor-widget-container\">\n\t\t\t\t\t\t\t<a class=\"elementor-cta\" href=\"https:\/\/studylanguages.ch\/de\/kategorie\/zielort\/grosbritannien\/\">\n\t\t\t\t\t<div class=\"elementor-cta__bg-wrapper\">\n\t\t\t\t<div class=\"elementor-cta__bg elementor-bg\" style=\"background-image: url(https:\/\/studylanguages.ch\/wp-content\/uploads\/2023\/07\/westminster-abbey-and-big-ben-in-the-london-skylin-2021-10-26-08-17-46-utc-scaled.jpg);\" role=\"img\" aria-label=\"westminster-abbey-and-big-ben-in-the-london-skylin-2021-10-26-08-17-46-utc\"><\/div>\n\t\t\t\t<div class=\"elementor-cta__bg-overlay\"><\/div>\n\t\t\t<\/div>\n\t\t\t\t\t\t\t<div class=\"elementor-cta__content\">\n\t\t\t\t\n\t\t\t\t\t\t\t\t\t<h3 class=\"elementor-cta__title elementor-cta__content-item elementor-content-item\">\n\t\t\t\t\t\tVereinigtes K\u00f6nigreich\t\t\t\t\t<\/h3>\n\t\t\t\t\n\t\t\t\t\t\t\t\t\t<div class=\"elementor-cta__description elementor-cta__content-item elementor-content-item\">\n\t\t\t\t\t\tBegleiten Sie uns zu einer k\u00f6stlichen Tea Time und lernen Sie Englisch!  Lassen Sie uns das Englischlernen so angenehm gestalten wie Ihr Lieblingsgetr\u00e4nk.\t\t\t\t\t<\/div>\n\t\t\t\t\n\t\t\t\t\t\t\t\t\t<div class=\"elementor-cta__button-wrapper elementor-cta__content-item elementor-content-item\">\n\t\t\t\t\t<span class=\"elementor-cta__button elementor-button elementor-size-\">\n\t\t\t\t\t\tJetzt buchen\t\t\t\t\t<\/span>\n\t\t\t\t\t<\/div>\n\t\t\t\t\t\t\t<\/div>\n\t\t\t\t\t\t<\/a>\n\t\t\t\t\t\t<\/div>\n\t\t\t\t<\/div>\n\t\t\t\t\t<\/div>\n\t\t<\/div>\n\t\t\t\t<div class=\"elementor-column elementor-col-50 elementor-inner-column elementor-element elementor-element-936fa59\" data-id=\"936fa59\" data-element_type=\"column\">\n\t\t\t<div class=\"elementor-widget-wrap elementor-element-populated\">\n\t\t\t\t\t\t<div class=\"elementor-element elementor-element-9ea4a87 elementor-cta--valign-bottom elementor-bg-transform elementor-bg-transform-zoom-out elementor-cta--skin-classic elementor-widget elementor-widget-call-to-action\" data-id=\"9ea4a87\" data-element_type=\"widget\" data-widget_type=\"call-to-action.default\">\n\t\t\t\t<div class=\"elementor-widget-container\">\n\t\t\t\t\t\t\t<a class=\"elementor-cta\" href=\"https:\/\/studylanguages.ch\/de\/kategorie\/zielort\/deutschland\/\">\n\t\t\t\t\t<div class=\"elementor-cta__bg-wrapper\">\n\t\t\t\t<div class=\"elementor-cta__bg elementor-bg\" style=\"background-image: url(https:\/\/studylanguages.ch\/wp-content\/uploads\/2023\/08\/dresden-city-in-germany-2022-04-06-07-22-48-utc-scaled.jpg);\" role=\"img\" aria-label=\"Nahaufnahme des Hausmannsturms des Alten Schlosses in Dresden, Deutschland\"><\/div>\n\t\t\t\t<div class=\"elementor-cta__bg-overlay\"><\/div>\n\t\t\t<\/div>\n\t\t\t\t\t\t\t<div class=\"elementor-cta__content\">\n\t\t\t\t\n\t\t\t\t\t\t\t\t\t<h3 class=\"elementor-cta__title elementor-cta__content-item elementor-content-item\">\n\t\t\t\t\t\tDeutschland\t\t\t\t\t<\/h3>\n\t\t\t\t\n\t\t\t\t\t\t\t\t\t<div class=\"elementor-cta__description elementor-cta__content-item elementor-content-item\">\n\t\t\t\t\t\tUmarmen Sie das Herz Europas! Tauchen Sie ein in ein reiches kulturelles Erlebnis und lernen Sie Deutsch, wo Geschichte, Innovation und Tradition zusammenkommen!\t\t\t\t\t<\/div>\n\t\t\t\t\n\t\t\t\t\t\t\t\t\t<div class=\"elementor-cta__button-wrapper elementor-cta__content-item elementor-content-item\">\n\t\t\t\t\t<span class=\"elementor-cta__button elementor-button elementor-size-\">\n\t\t\t\t\t\tJetzt buchen\t\t\t\t\t<\/span>\n\t\t\t\t\t<\/div>\n\t\t\t\t\t\t\t<\/div>\n\t\t\t\t\t\t<\/a>\n\t\t\t\t\t\t<\/div>\n\t\t\t\t<\/div>\n\t\t\t\t\t<\/div>\n\t\t<\/div>\n\t\t\t\t\t<\/div>\n\t\t<\/section>\n\t\t\t\t\t<\/div>\n\t\t<\/div>\n\t\t\t\t\t<\/div>\n\t\t<\/section>\n\t\t\t\t<section class=\"elementor-section elementor-top-section elementor-element elementor-element-6f683be elementor-section-boxed elementor-section-height-default elementor-section-height-default\" data-id=\"6f683be\" data-element_type=\"section\" data-settings=\"{&quot;background_background&quot;:&quot;classic&quot;}\">\n\t\t\t\t\t\t\t<div class=\"elementor-background-overlay\"><\/div>\n\t\t\t\t\t\t\t<div class=\"elementor-container elementor-column-gap-default\">\n\t\t\t\t\t<div class=\"elementor-column elementor-col-100 elementor-top-column elementor-element elementor-element-2294794 elementor-invisible\" data-id=\"2294794\" data-element_type=\"column\" data-settings=\"{&quot;animation&quot;:&quot;fadeInUp&quot;}\">\n\t\t\t<div class=\"elementor-widget-wrap elementor-element-populated\">\n\t\t\t\t\t\t<div class=\"elementor-element elementor-element-1efb3ea elementor-widget elementor-widget-heading\" data-id=\"1efb3ea\" data-element_type=\"widget\" data-widget_type=\"heading.default\">\n\t\t\t\t<div class=\"elementor-widget-container\">\n\t\t\t\t\t<h6 class=\"elementor-heading-title elementor-size-default\">Werbegeschenk<\/h6>\t\t\t\t<\/div>\n\t\t\t\t<\/div>\n\t\t\t\t<div class=\"elementor-element elementor-element-9bbd7ba elementor-widget elementor-widget-heading\" data-id=\"9bbd7ba\" data-element_type=\"widget\" data-widget_type=\"heading.default\">\n\t\t\t\t<div class=\"elementor-widget-container\">\n\t\t\t\t\t<h2 class=\"elementor-heading-title elementor-size-default\">Erhalten Sie einen 100 CHF Gutschein!\n<\/h2>\t\t\t\t<\/div>\n\t\t\t\t<\/div>\n\t\t\t\t<div class=\"elementor-element elementor-element-dc2599b elementor-widget elementor-widget-text-editor\" data-id=\"dc2599b\" data-element_type=\"widget\" data-widget_type=\"text-editor.default\">\n\t\t\t\t<div class=\"elementor-widget-container\">\n\t\t\t\t\t\t\t\t\t<p>Sind Sie aufgeregt, Ihre Sprachreise zu beginnen? Jetzt ist der ideale Zeitpunkt, um bei Study Languages einzusteigen, denn wir bieten Ihnen einen einl\u00f6sbaren Gutschein in H\u00f6he von 100 CHF f\u00fcr einen zuk\u00fcnftigen Sprachaufenthalt bei uns an, wenn Sie sich f\u00fcr eines unserer Programme anmelden. Mit unserem umfangreichen Angebot an Sprachkursen und unserer pers\u00f6nlichen Betreuung sind Sie in k\u00fcrzester Zeit auf dem besten Weg, Ihre Sprachziele zu erreichen. Unsere Programme sind so konzipiert, dass sie auf Ihre individuellen Bed\u00fcrfnisse und Vorlieben zugeschnitten sind, damit Sie die bestm\u00f6gliche Lernerfahrung machen k\u00f6nnen. Verpassen Sie nicht diese fantastische Gelegenheit, Ihre Sprachreise mit Study Languages anzutreten. Melden Sie sich jetzt an, um von diesem exklusiven Angebot zu profitieren!<\/p>\t\t\t\t\t\t\t\t<\/div>\n\t\t\t\t<\/div>\n\t\t\t\t<div class=\"elementor-element elementor-element-6256d24 elementor-align-center elementor-widget elementor-widget-button\" data-id=\"6256d24\" data-element_type=\"widget\" data-widget_type=\"button.default\">\n\t\t\t\t<div class=\"elementor-widget-container\">\n\t\t\t\t\t\t\t\t\t<div class=\"elementor-button-wrapper\">\n\t\t\t\t\t<a class=\"elementor-button elementor-button-link elementor-size-md\" href=\"https:\/\/studylanguages.club\/contact-us\/\">\n\t\t\t\t\t\t<span class=\"elementor-button-content-wrapper\">\n\t\t\t\t\t\t\t\t\t<span class=\"elementor-button-text\">Promo anfordern<\/span>\n\t\t\t\t\t<\/span>\n\t\t\t\t\t<\/a>\n\t\t\t\t<\/div>\n\t\t\t\t\t\t\t\t<\/div>\n\t\t\t\t<\/div>\n\t\t\t\t\t<\/div>\n\t\t<\/div>\n\t\t\t\t\t<\/div>\n\t\t<\/section>\n\t\t\t\t<\/div>","protected":false},"excerpt":{"rendered":"<p>Kontinentale Erkundung Entdecken Sie die Welt: Study Languages' Beliebte Reiseziele M\u00f6chten Sie neue L\u00e4nder und Kulturen entdecken und gleichzeitig Ihre Sprachkenntnisse verbessern? Dann sind Sie bei Study Languages an der richtigen Adresse! Wir bieten eine gro\u00dfe Auswahl an beliebten Programmen an, die es Ihnen erm\u00f6glichen, in neue Kulturen und Sprachen einzutauchen und dabei pers\u00f6nliche Unterst\u00fctzung und Feedback zu erhalten [...]<\/p>","protected":false},"author":1,"featured_media":0,"parent":0,"menu_order":0,"comment_status":"closed","ping_status":"closed","template":"elementor_header_footer","meta":{"_acf_changed":false,"site-sidebar-layout":"no-sidebar","site-content-layout":"page-builder","ast-site-content-layout":"","site-content-style":"default","site-sidebar-style":"default","ast-global-header-display":"","ast-banner-title-visibility":"","ast-main-header-display":"","ast-hfb-above-header-display":"","ast-hfb-below-header-display":"","ast-hfb-mobile-header-display":"","site-post-title":"disabled","ast-breadcrumbs-content":"","ast-featured-img":"disabled","footer-sml-layout":"","theme-transparent-header-meta":"","adv-header-id-meta":"","stick-header-meta":"","header-above-stick-meta":"","header-main-stick-meta":"","header-below-stick-meta":"","astra-migrate-meta-layouts":"default","ast-page-background-enabled":"default","ast-page-background-meta":{"desktop":{"background-color":"var(--ast-global-color-4)","background-image":"","background-repeat":"repeat","background-position":"center center","background-size":"auto","background-attachment":"scroll","background-type":"","background-media":"","overlay-type":"","overlay-color":"","overlay-opacity":"","overlay-gradient":""},"tablet":{"background-color":"","background-image":"","background-repeat":"repeat","background-position":"center center","background-size":"auto","background-attachment":"scroll","background-type":"","background-media":"","overlay-type":"","overlay-color":"","overlay-opacity":"","overlay-gradient":""},"mobile":{"background-color":"","background-image":"","background-repeat":"repeat","background-position":"center center","background-size":"auto","background-attachment":"scroll","background-type":"","background-media":"","overlay-type":"","overlay-color":"","overlay-opacity":"","overlay-gradient":""}},"ast-content-background-meta":{"desktop":{"background-color":"var(--ast-global-color-5)","background-image":"","background-repeat":"repeat","background-position":"center center","background-size":"auto","background-attachment":"scroll","background-type":"","background-media":"","overlay-type":"","overlay-color":"","overlay-opacity":"","overlay-gradient":""},"tablet":{"background-color":"var(--ast-global-color-5)","background-image":"","background-repeat":"repeat","background-position":"center center","background-size":"auto","background-attachment":"scroll","background-type":"","background-media":"","overlay-type":"","overlay-color":"","overlay-opacity":"","overlay-gradient":""},"mobile":{"background-color":"var(--ast-global-color-5)","background-image":"","background-repeat":"repeat","background-position":"center center","background-size":"auto","background-attachment":"scroll","background-type":"","background-media":"","overlay-type":"","overlay-color":"","overlay-opacity":"","overlay-gradient":""}},"_joinchat":[],"footnotes":""},"class_list":["post-28961","page","type-page","status-publish","hentry"],"acf":[],"_links":{"self":[{"href":"https:\/\/studylanguages.ch\/de\/wp-json\/wp\/v2\/pages\/28961","targetHints":{"allow":["GET"]}}],"collection":[{"href":"https:\/\/studylanguages.ch\/de\/wp-json\/wp\/v2\/pages"}],"about":[{"href":"https:\/\/studylanguages.ch\/de\/wp-json\/wp\/v2\/types\/page"}],"author":[{"embeddable":true,"href":"https:\/\/studylanguages.ch\/de\/wp-json\/wp\/v2\/users\/1"}],"replies":[{"embeddable":true,"href":"https:\/\/studylanguages.ch\/de\/wp-json\/wp\/v2\/comments?post=28961"}],"version-history":[{"count":64,"href":"https:\/\/studylanguages.ch\/de\/wp-json\/wp\/v2\/pages\/28961\/revisions"}],"predecessor-version":[{"id":29650,"href":"https:\/\/studylanguages.ch\/de\/wp-json\/wp\/v2\/pages\/28961\/revisions\/29650"}],"wp:attachment":[{"href":"https:\/\/studylanguages.ch\/de\/wp-json\/wp\/v2\/media?parent=28961"}],"curies":[{"name":"wp","href":"https:\/\/api.w.org\/{rel}","templated":true}]}}